{"id":204,"date":"2022-10-15T01:48:37","date_gmt":"2022-10-15T01:48:37","guid":{"rendered":"https:\/\/cemariepoussepin.com\/?page_id=204"},"modified":"2022-10-15T01:51:56","modified_gmt":"2022-10-15T01:51:56","slug":"marie-poussepin","status":"publish","type":"page","link":"https:\/\/cemariepoussepin.com\/?page_id=204","title":{"rendered":"Marie Poussepin"},"content":{"rendered":"\t\t<div data-elementor-type=\"wp-page\" data-elementor-id=\"204\" class=\"elementor elementor-204\" data-elementor-post-type=\"page\">\n\t\t\t\t\t\t<section class=\"elementor-section elementor-top-section elementor-element elementor-element-cc446f3 elementor-section-boxed elementor-section-height-default elementor-section-height-default\" data-id=\"cc446f3\" data-element_type=\"section\">\n\t\t\t\t\t\t<div class=\"elementor-container elementor-column-gap-default\">\n\t\t\t\t\t<div class=\"elementor-column elementor-col-100 elementor-top-column elementor-element elementor-element-75486c5\" data-id=\"75486c5\" data-element_type=\"column\">\n\t\t\t<div class=\"elementor-widget-wrap elementor-element-populated\">\n\t\t\t\t\t\t<div class=\"elementor-element elementor-element-2fb462d elementor-widget elementor-widget-spacer\" data-id=\"2fb462d\" data-element_type=\"widget\" data-widget_type=\"spacer.default\">\n\t\t\t\t<div class=\"elementor-widget-container\">\n\t\t\t<style>\/*! elementor - v3.21.0 - 30-04-2024 *\/\n.elementor-column .elementor-spacer-inner{height:var(--spacer-size)}.e-con{--container-widget-width:100%}.e-con-inner>.elementor-widget-spacer,.e-con>.elementor-widget-spacer{width:var(--container-widget-width,var(--spacer-size));--align-self:var(--container-widget-align-self,initial);--flex-shrink:0}.e-con-inner>.elementor-widget-spacer>.elementor-widget-container,.e-con>.elementor-widget-spacer>.elementor-widget-container{height:100%;width:100%}.e-con-inner>.elementor-widget-spacer>.elementor-widget-container>.elementor-spacer,.e-con>.elementor-widget-spacer>.elementor-widget-container>.elementor-spacer{height:100%}.e-con-inner>.elementor-widget-spacer>.elementor-widget-container>.elementor-spacer>.elementor-spacer-inner,.e-con>.elementor-widget-spacer>.elementor-widget-container>.elementor-spacer>.elementor-spacer-inner{height:var(--container-widget-height,var(--spacer-size))}.e-con-inner>.elementor-widget-spacer.elementor-widget-empty,.e-con>.elementor-widget-spacer.elementor-widget-empty{position:relative;min-height:22px;min-width:22px}.e-con-inner>.elementor-widget-spacer.elementor-widget-empty .elementor-widget-empty-icon,.e-con>.elementor-widget-spacer.elementor-widget-empty .elementor-widget-empty-icon{position:absolute;top:0;bottom:0;left:0;right:0;margin:auto;padding:0;width:22px;height:22px}<\/style>\t\t<div class=\"elementor-spacer\">\n\t\t\t<div class=\"elementor-spacer-inner\"><\/div>\n\t\t<\/div>\n\t\t\t\t<\/div>\n\t\t\t\t<\/div>\n\t\t\t\t\t<\/div>\n\t\t<\/div>\n\t\t\t\t\t<\/div>\n\t\t<\/section>\n\t\t\t\t<section class=\"elementor-section elementor-top-section elementor-element elementor-element-9e1e579 elementor-section-boxed elementor-section-height-default elementor-section-height-default\" data-id=\"9e1e579\" data-element_type=\"section\">\n\t\t\t\t\t\t<div class=\"elementor-container elementor-column-gap-default\">\n\t\t\t\t\t<div class=\"elementor-column elementor-col-100 elementor-top-column elementor-element elementor-element-077b2fc\" data-id=\"077b2fc\" data-element_type=\"column\">\n\t\t\t<div class=\"elementor-widget-wrap elementor-element-populated\">\n\t\t\t\t\t\t<div class=\"elementor-element elementor-element-9a96f65 elementor-widget elementor-widget-heading\" data-id=\"9a96f65\" data-element_type=\"widget\" data-widget_type=\"heading.default\">\n\t\t\t\t<div class=\"elementor-widget-container\">\n\t\t\t<style>\/*! elementor - v3.21.0 - 30-04-2024 *\/\n.elementor-heading-title{padding:0;margin:0;line-height:1}.elementor-widget-heading .elementor-heading-title[class*=elementor-size-]>a{color:inherit;font-size:inherit;line-height:inherit}.elementor-widget-heading .elementor-heading-title.elementor-size-small{font-size:15px}.elementor-widget-heading .elementor-heading-title.elementor-size-medium{font-size:19px}.elementor-widget-heading .elementor-heading-title.elementor-size-large{font-size:29px}.elementor-widget-heading .elementor-heading-title.elementor-size-xl{font-size:39px}.elementor-widget-heading .elementor-heading-title.elementor-size-xxl{font-size:59px}<\/style><h2 class=\"elementor-heading-title elementor-size-default\">Marie Poussepin<\/h2>\t\t<\/div>\n\t\t\t\t<\/div>\n\t\t\t\t\t<\/div>\n\t\t<\/div>\n\t\t\t\t\t<\/div>\n\t\t<\/section>\n\t\t\t\t<section class=\"elementor-section elementor-top-section elementor-element elementor-element-fbcb422 elementor-section-boxed elementor-section-height-default elementor-section-height-default\" data-id=\"fbcb422\" data-element_type=\"section\">\n\t\t\t\t\t\t<div class=\"elementor-container elementor-column-gap-default\">\n\t\t\t\t\t<div class=\"elementor-column elementor-col-100 elementor-top-column elementor-element elementor-element-aa2a944\" data-id=\"aa2a944\" data-element_type=\"column\">\n\t\t\t<div class=\"elementor-widget-wrap elementor-element-populated\">\n\t\t\t\t\t\t<div class=\"elementor-element elementor-element-241059d elementor-widget elementor-widget-spacer\" data-id=\"241059d\" data-element_type=\"widget\" data-widget_type=\"spacer.default\">\n\t\t\t\t<div class=\"elementor-widget-container\">\n\t\t\t\t\t<div class=\"elementor-spacer\">\n\t\t\t<div class=\"elementor-spacer-inner\"><\/div>\n\t\t<\/div>\n\t\t\t\t<\/div>\n\t\t\t\t<\/div>\n\t\t\t\t\t<\/div>\n\t\t<\/div>\n\t\t\t\t\t<\/div>\n\t\t<\/section>\n\t\t\t\t<section class=\"elementor-section elementor-top-section elementor-element elementor-element-15bec38 elementor-section-boxed elementor-section-height-default elementor-section-height-default\" data-id=\"15bec38\" data-element_type=\"section\">\n\t\t\t\t\t\t<div class=\"elementor-container elementor-column-gap-default\">\n\t\t\t\t\t<div class=\"elementor-column elementor-col-100 elementor-top-column elementor-element elementor-element-557fe76\" data-id=\"557fe76\" data-element_type=\"column\">\n\t\t\t<div class=\"elementor-widget-wrap elementor-element-populated\">\n\t\t\t\t\t\t<div class=\"elementor-element elementor-element-dfc1cc7 elementor-widget elementor-widget-text-editor\" data-id=\"dfc1cc7\" data-element_type=\"widget\" data-widget_type=\"text-editor.default\">\n\t\t\t\t<div class=\"elementor-widget-container\">\n\t\t\t<style>\/*! elementor - v3.21.0 - 30-04-2024 *\/\n.elementor-widget-text-editor.elementor-drop-cap-view-stacked .elementor-drop-cap{background-color:#69727d;color:#fff}.elementor-widget-text-editor.elementor-drop-cap-view-framed .elementor-drop-cap{color:#69727d;border:3px solid;background-color:transparent}.elementor-widget-text-editor:not(.elementor-drop-cap-view-default) .elementor-drop-cap{margin-top:8px}.elementor-widget-text-editor:not(.elementor-drop-cap-view-default) .elementor-drop-cap-letter{width:1em;height:1em}.elementor-widget-text-editor .elementor-drop-cap{float:left;text-align:center;line-height:1;font-size:50px}.elementor-widget-text-editor .elementor-drop-cap-letter{display:inline-block}<\/style>\t\t\t\t<p><strong>Marie Poussepin<\/strong>\u00a0nace en Dourdan (Francia), es bautizada el 14 de octubre de 1653\u00a0en la Iglesia de Saint Pierre por el p\u00e1rroco Etienne Legou. Pertenece a una familia de artesanos, dedicados al trabajo de confecci\u00f3n de medias de seda, tejidas con aguja, a mano; gozan de buena situaci\u00f3n econ\u00f3mica.\u00a0Es un hogar cristiano comprometido a nivel religioso y c\u00edvico: el padre, Claude, colabora en la gesti\u00f3n parroquial; la madre, Julienne Fourrier, es tesorera de la Cofrad\u00eda de la Caridad, dedicada a socorrer a los enfermos pobres.<\/p><p>Marie frecuenta la \u00fanica escuela de la localidad, dirigida por un grupo de seglares piadosas. Es una alumna inteligente y bien dotada, abierta a los otros y a la piedad. Desde temprana edad acompa\u00f1a a su madre en las visitas a enfermos y su coraz\u00f3n se llena de ternura y de compasi\u00f3n ante su desgracia. M\u00e1s tarde escribir\u00e1\u00a0<strong>\u201ctodo debe ceder al cuidado de los enfermos y de los d\u00e9biles, es a Jesucristo a quien se sirve en su persona\u201d.<\/strong><\/p><p>Tambi\u00e9n es atenta con los ni\u00f1os que asisten al taller familiar. Cuando llega a ser educadora su principal preocupaci\u00f3n ser\u00e1,\u00a0<strong>\u201chacer conocer y a amar a Jesucristo\u201d<\/strong>\u00a0y formar en las virtudes del evangelio a los alumnos de su peque\u00f1a escuela. Su pedagog\u00eda es realista y concreta.\u00a0<\/p><p>La muerte de su madre acaecida muy temprano deja sobre ella la responsabilidad de ama de casa, la educaci\u00f3n y cuidado de su hermano menor Claude, de s\u00f3lo 10 a\u00f1os. Luego se suceden los avatares financieros de su padre, su fracaso, enfermedad y muerte.\u00a0<\/p><p>Lo que la distingue entre las mujeres de su tiempo, en este siglo XVII en el cual abundan realizaciones espirituales y fundaciones caritativas, es su percepci\u00f3n de las nuevas necesidades y\u00a0su audacia para responder\u00a0a los problemas de la \u00e9poca, su sentido de justicia y gratuidad, su prudencia en todas sus acciones,\u00a0innovadora y creativa, pero centrada en Dios, ya sea como empresaria en Dourdan o como fundadora en Sainville. \u00a0<\/p><p>As\u00ed, a la muerte de su padre, en 1683, en el vuelco espectacular generado por la industrializaci\u00f3n naciente, se muestra innovadora en las t\u00e9cnicas de la manufactura. Abandona el trabajo artesanal y rutinario para sustituirlo por el trabajo de la industria de medias tejidas a m\u00e1quina; deja la seda para aprovechar la lana m\u00e1s rentable. Acoge aprendices de ambientes modestos, entre los 15 y 18 a\u00f1os,\u00a0para quienes suprime la cuota que ordinariamente deb\u00edan pagar y\u00a0a quienes asegura, con un verdadero sentido social la formaci\u00f3n y la promoci\u00f3n, colaborando en el desarrollo econ\u00f3mico y social de la familia y de la ciudad de Dourdan. Al mismo tiempo cultiva una vida espiritual intensa, alimentada de acciones caritativas y de la espiritualidad de la Tercera Orden de Santo Domingo.<\/p><p>Sin embargo, el Se\u00f1or la llama a una vocaci\u00f3n m\u00e1s amplia y a su \u00fanico servicio. En 1696, despu\u00e9s de haber o\u00eddo hablar sobre la ignorancia y la miseria de la aldea de Sainville, distante 17 kil\u00f3metros de Dourdan, decide dejarlo todo para entregarse totalmente\u00a0<strong>\u00abal servicio de la caridad\u201d,\u00a0\u201ca la utilidad de la parroquia\u201d.<\/strong>\u00a0\u00bfDe qu\u00e9 manera? Formando<strong>\u00a0\u201cuna comunidad de la Tercera Orden de Santo Domingo, para instruir a las ni\u00f1as y servir a los enfermos pobres del pueblo\u201d.<\/strong><\/p>\t\t\t\t\t\t<\/div>\n\t\t\t\t<\/div>\n\t\t\t\t\t<\/div>\n\t\t<\/div>\n\t\t\t\t\t<\/div>\n\t\t<\/section>\n\t\t\t\t<section class=\"elementor-section elementor-top-section elementor-element elementor-element-6462359 elementor-section-boxed elementor-section-height-default elementor-section-height-default\" data-id=\"6462359\" data-element_type=\"section\">\n\t\t\t\t\t\t<div class=\"elementor-container elementor-column-gap-default\">\n\t\t\t\t\t<div class=\"elementor-column elementor-col-100 elementor-top-column elementor-element elementor-element-09cf19c\" data-id=\"09cf19c\" data-element_type=\"column\">\n\t\t\t<div class=\"elementor-widget-wrap elementor-element-populated\">\n\t\t\t\t\t\t<div class=\"elementor-element elementor-element-b9bbbb6 elementor-widget elementor-widget-image\" data-id=\"b9bbbb6\" data-element_type=\"widget\" data-widget_type=\"image.default\">\n\t\t\t\t<div class=\"elementor-widget-container\">\n\t\t\t<style>\/*! elementor - v3.21.0 - 30-04-2024 *\/\n.elementor-widget-image{text-align:center}.elementor-widget-image a{display:inline-block}.elementor-widget-image a img[src$=\".svg\"]{width:48px}.elementor-widget-image img{vertical-align:middle;display:inline-block}<\/style>\t\t\t\t\t\t\t\t\t\t<img fetchpriority=\"high\" decoding=\"async\" width=\"396\" height=\"576\" src=\"https:\/\/cemariepoussepin.com\/wp-content\/uploads\/2022\/10\/Marie_Poussepin.jpeg\" class=\"attachment-large size-large wp-image-209\" alt=\"\" srcset=\"https:\/\/cemariepoussepin.com\/wp-content\/uploads\/2022\/10\/Marie_Poussepin.jpeg 396w, https:\/\/cemariepoussepin.com\/wp-content\/uploads\/2022\/10\/Marie_Poussepin-206x300.jpeg 206w\" sizes=\"(max-width: 396px) 100vw, 396px\" \/>\t\t\t\t\t\t\t\t\t\t\t\t\t<\/div>\n\t\t\t\t<\/div>\n\t\t\t\t\t<\/div>\n\t\t<\/div>\n\t\t\t\t\t<\/div>\n\t\t<\/section>\n\t\t\t\t<section class=\"elementor-section elementor-top-section elementor-element elementor-element-582dc89 elementor-section-boxed elementor-section-height-default elementor-section-height-default\" data-id=\"582dc89\" data-element_type=\"section\">\n\t\t\t\t\t\t<div class=\"elementor-container elementor-column-gap-default\">\n\t\t\t\t\t<div class=\"elementor-column elementor-col-100 elementor-top-column elementor-element elementor-element-1639c5e\" data-id=\"1639c5e\" data-element_type=\"column\">\n\t\t\t<div class=\"elementor-widget-wrap elementor-element-populated\">\n\t\t\t\t\t\t<div class=\"elementor-element elementor-element-84ce082 elementor-widget elementor-widget-text-editor\" data-id=\"84ce082\" data-element_type=\"widget\" data-widget_type=\"text-editor.default\">\n\t\t\t\t<div class=\"elementor-widget-container\">\n\t\t\t\t\t\t\t<p>Para esto, Marie renuncia a Dourdan, a sus seguridades, a la notoriedad que la rodea; renuncia en el esp\u00edritu del Evangelio a todo lo que posee, haciendo donaci\u00f3n, mediante acta oficial del 13 de noviembre 1697, a una novicia, natural de Sainville, No\u00eblle Mesnard, primera en la larga lista de Hermanas de la Caridad Dominicas. Lo hace como dominica en presencia del padre Mespoli\u00e9 o.p., quien la ayud\u00f3 en su camino espiritual, y del cura de la parroquia Gabriel Debilly.<\/p><p>El mismo a\u00f1o, Marie, comienza<em>\u00a0a sembrar<\/em>\u00a0en Janville, luego seguir\u00e1n 19 comunidades, en seis di\u00f3cesis de los alrededores de Chartres, todas dedicadas a la educaci\u00f3n de ni\u00f1as sin posibilidad de formaci\u00f3n en su medio rural y al alivio de los enfermos a domicilio o en el hospital.\u00a0Sus reglamentos, aprobados en 1738 por el obispo de Chartres, reclaman una vida com\u00fan fraterna, animada por la oraci\u00f3n contemplativa y lit\u00fargica, la Eucarist\u00eda, la ascesis, el estudio y el trabajo asiduo, que permite asegurar la vida cotidiana y la gratuidad en las escuelas.<\/p><p>Despu\u00e9s de una vida de 90 a\u00f1os entregados totalmente a los dem\u00e1s, marcados por el sufrimiento y la renuncia y en los cuales ella, seg\u00fan sus propias palabras, ha sido solamente\u00a0<strong>\u201cla obrera de la providencia\u201d<\/strong>, Marie Poussepin gozar\u00e1 definitivamente de la paz del Se\u00f1or el 24 de enero de 1744.<\/p><p>Una de sus m\u00faltiples pruebas fue la de tener que renunciar a la identidad dominicana para su comunidad; la idea no estaba madura para la \u00e9poca; tanto el obispo de Chartres como el maestro de la Orden, no conceb\u00edan una vida dominica fuera de la clausura. En 1897, la Congregaci\u00f3n reencuentra su identidad dominicana pero no ser\u00e1 agregada definitivamente a la Orden hasta 1959.<\/p><p>Hoy las Hermanas de la Caridad Dominicas de la Presentaci\u00f3n, fieles al proyecto de su fundadora, trabajan al servicio de la Iglesia en 36 pa\u00edses, de cuatro continentes. Marie Poussepin traz\u00f3 un camino&#8230; Otras, despu\u00e9s de ella, herederas de su esp\u00edritu y de su Carisma se esfuerzan en responder a las llamadas de su tiempo, a la urgencia de la evangelizaci\u00f3n, guardando como en los or\u00edgenes la prioridad por los pobres, en una gran diversidad de presencias.<\/p><p><strong>Marie Poussepin fue beatificada el 20 de noviembre de 1994 en Roma, Italia, por el papa Juan Pablo II. \u00a0<\/strong><\/p>\t\t\t\t\t\t<\/div>\n\t\t\t\t<\/div>\n\t\t\t\t\t<\/div>\n\t\t<\/div>\n\t\t\t\t\t<\/div>\n\t\t<\/section>\n\t\t\t\t<section class=\"elementor-section elementor-top-section elementor-element elementor-element-a9472c6 elementor-section-boxed elementor-section-height-default elementor-section-height-default\" data-id=\"a9472c6\" data-element_type=\"section\">\n\t\t\t\t\t\t<div class=\"elementor-container elementor-column-gap-default\">\n\t\t\t\t\t<div class=\"elementor-column elementor-col-100 elementor-top-column elementor-element elementor-element-c0a3d43\" data-id=\"c0a3d43\" data-element_type=\"column\">\n\t\t\t<div class=\"elementor-widget-wrap elementor-element-populated\">\n\t\t\t\t\t\t<div class=\"elementor-element elementor-element-6b8476a elementor-widget elementor-widget-text-editor\" data-id=\"6b8476a\" data-element_type=\"widget\" data-widget_type=\"text-editor.default\">\n\t\t\t\t<div class=\"elementor-widget-container\">\n\t\t\t\t\t\t\t<p><em>Fuente: cfr. Librito para la celebraci\u00f3n lit\u00fargica de Beatificaci\u00f3n de Marie Poussepin,\u00a0el 20 de noviembre de 1994<\/em><\/p><p><em>https:\/\/www.domipresen.com\/index.php\/es\/quienes-somos\/fundadora<\/em><\/p>\t\t\t\t\t\t<\/div>\n\t\t\t\t<\/div>\n\t\t\t\t\t<\/div>\n\t\t<\/div>\n\t\t\t\t\t<\/div>\n\t\t<\/section>\n\t\t\t\t<section class=\"elementor-section elementor-top-section elementor-element elementor-element-312a3bc elementor-section-boxed elementor-section-height-default elementor-section-height-default\" data-id=\"312a3bc\" data-element_type=\"section\">\n\t\t\t\t\t\t<div class=\"elementor-container elementor-column-gap-default\">\n\t\t\t\t\t<div class=\"elementor-column elementor-col-100 elementor-top-column elementor-element elementor-element-b62af27\" data-id=\"b62af27\" data-element_type=\"column\">\n\t\t\t<div class=\"elementor-widget-wrap elementor-element-populated\">\n\t\t\t\t\t\t<div class=\"elementor-element elementor-element-6a628ce elementor-widget elementor-widget-spacer\" data-id=\"6a628ce\" data-element_type=\"widget\" data-widget_type=\"spacer.default\">\n\t\t\t\t<div class=\"elementor-widget-container\">\n\t\t\t\t\t<div class=\"elementor-spacer\">\n\t\t\t<div class=\"elementor-spacer-inner\"><\/div>\n\t\t<\/div>\n\t\t\t\t<\/div>\n\t\t\t\t<\/div>\n\t\t\t\t\t<\/div>\n\t\t<\/div>\n\t\t\t\t\t<\/div>\n\t\t<\/section>\n\t\t\t\t<\/div>\n\t\t","protected":false},"excerpt":{"rendered":"<p>Marie Poussepin Marie Poussepin\u00a0nace en Dourdan (Francia), es bautizada el 14 de octubre de 1653\u00a0en la Iglesia de Saint Pierre por el p\u00e1rroco Etienne Legou. Pertenece a una familia de artesanos, dedicados al trabajo de confecci\u00f3n de medias de seda, tejidas con aguja, a mano; gozan de buena situaci\u00f3n econ\u00f3mica.\u00a0Es un hogar cristiano comprometido a [&hellip;]<\/p>\n","protected":false},"author":2,"featured_media":0,"parent":0,"menu_order":0,"comment_status":"closed","ping_status":"closed","template":"","meta":{"footnotes":""},"_links":{"self":[{"href":"https:\/\/cemariepoussepin.com\/index.php?rest_route=\/wp\/v2\/pages\/204"}],"collection":[{"href":"https:\/\/cemariepoussepin.com\/index.php?rest_route=\/wp\/v2\/pages"}],"about":[{"href":"https:\/\/cemariepoussepin.com\/index.php?rest_route=\/wp\/v2\/types\/page"}],"author":[{"embeddable":true,"href":"https:\/\/cemariepoussepin.com\/index.php?rest_route=\/wp\/v2\/users\/2"}],"replies":[{"embeddable":true,"href":"https:\/\/cemariepoussepin.com\/index.php?rest_route=%2Fwp%2Fv2%2Fcomments&post=204"}],"version-history":[{"count":7,"href":"https:\/\/cemariepoussepin.com\/index.php?rest_route=\/wp\/v2\/pages\/204\/revisions"}],"predecessor-version":[{"id":212,"href":"https:\/\/cemariepoussepin.com\/index.php?rest_route=\/wp\/v2\/pages\/204\/revisions\/212"}],"wp:attachment":[{"href":"https:\/\/cemariepoussepin.com\/index.php?rest_route=%2Fwp%2Fv2%2Fmedia&parent=204"}],"curies":[{"name":"wp","href":"https:\/\/api.w.org\/{rel}","templated":true}]}}